{"id":126,"date":"2024-11-13T08:14:40","date_gmt":"2024-11-13T08:14:40","guid":{"rendered":"http:\/\/pader.b2bmediadesign.com\/?page_id=126"},"modified":"2026-02-09T20:44:44","modified_gmt":"2026-02-09T20:44:44","slug":"infos","status":"publish","type":"page","link":"https:\/\/pader-rodeo.de\/en\/infos\/","title":{"rendered":"Infos"},"content":{"rendered":"<div data-elementor-type=\"wp-post\" data-elementor-id=\"126\" class=\"elementor elementor-126\">\n\t\t\t\t<div class=\"elementor-element elementor-element-3ce7944 e-flex e-con-boxed wpr-particle-no wpr-jarallax-no wpr-parallax-no wpr-sticky-section-no wpr-equal-height-no e-con e-parent\" data-id=\"3ce7944\" data-element_type=\"container\" data-e-type=\"container\" data-settings=\"{&quot;background_background&quot;:&quot;classic&quot;}\">\n\t\t\t\t\t<div class=\"e-con-inner\">\n\t\t\t\t\t<\/div>\n\t\t\t\t<\/div>\n\t\t<div class=\"elementor-element elementor-element-5040027 e-flex e-con-boxed wpr-particle-no wpr-jarallax-no wpr-parallax-no wpr-sticky-section-no wpr-equal-height-no e-con e-parent\" data-id=\"5040027\" data-element_type=\"container\" data-e-type=\"container\">\n\t\t\t\t\t<div class=\"e-con-inner\">\n\t\t<div class=\"elementor-element elementor-element-4b79fac e-con-full e-flex wpr-particle-no wpr-jarallax-no wpr-parallax-no wpr-sticky-section-no wpr-equal-height-no e-con e-child\" data-id=\"4b79fac\" data-element_type=\"container\" data-e-type=\"container\">\n\t\t\t\t<div class=\"elementor-element elementor-element-74fe812 elementor-widget elementor-widget-heading\" data-id=\"74fe812\" data-element_type=\"widget\" data-e-type=\"widget\" data-widget_type=\"heading.default\">\n\t\t\t\t<div class=\"elementor-widget-container\">\n\t\t\t\t\t<h2 class=\"elementor-heading-title elementor-size-default\">Contact<\/h2>\t\t\t\t<\/div>\n\t\t\t\t<\/div>\n\t\t\t\t<div class=\"elementor-element elementor-element-0b780dd elementor-widget elementor-widget-text-editor\" data-id=\"0b780dd\" data-element_type=\"widget\" data-e-type=\"widget\" data-widget_type=\"text-editor.default\">\n\t\t\t\t<div class=\"elementor-widget-container\">\n\t\t\t\t\t\t\t\t\t<p>MONIKA AMEDICK<br \/>Email: <a href=\"mailto:info@pader-rodeo.de\">info@pader-rodeo.de<\/a><\/p>\t\t\t\t\t\t\t\t<\/div>\n\t\t\t\t<\/div>\n\t\t\t\t<div class=\"elementor-element elementor-element-f541c41 elementor-widget elementor-widget-heading\" data-id=\"f541c41\" data-element_type=\"widget\" data-e-type=\"widget\" data-widget_type=\"heading.default\">\n\t\t\t\t<div class=\"elementor-widget-container\">\n\t\t\t\t\t<h2 class=\"elementor-heading-title elementor-size-default\">Food &amp; Drinks<\/h2>\t\t\t\t<\/div>\n\t\t\t\t<\/div>\n\t\t\t\t<div class=\"elementor-element elementor-element-b0378d5 elementor-widget elementor-widget-text-editor\" data-id=\"b0378d5\" data-element_type=\"widget\" data-e-type=\"widget\" data-widget_type=\"text-editor.default\">\n\t\t\t\t<div class=\"elementor-widget-container\">\n\t\t\t\t\t\t\t\t\t<p class=\"translation-block\">Food &amp; Drinks are available in the hall (please don \u0301t bring your own into the Hall - it \u0301s fully licensed).<\/p>\t\t\t\t\t\t\t\t<\/div>\n\t\t\t\t<\/div>\n\t\t\t\t<\/div>\n\t\t<div class=\"elementor-element elementor-element-38b337c e-con-full e-flex wpr-particle-no wpr-jarallax-no wpr-parallax-no wpr-sticky-section-no wpr-equal-height-no e-con e-child\" data-id=\"38b337c\" data-element_type=\"container\" data-e-type=\"container\">\n\t\t\t\t<div class=\"elementor-element elementor-element-f6895a0 elementor-widget elementor-widget-heading\" data-id=\"f6895a0\" data-element_type=\"widget\" data-e-type=\"widget\" data-widget_type=\"heading.default\">\n\t\t\t\t<div class=\"elementor-widget-container\">\n\t\t\t\t\t<h2 class=\"elementor-heading-title elementor-size-default\">Bank Account<\/h2>\t\t\t\t<\/div>\n\t\t\t\t<\/div>\n\t\t\t\t<div class=\"elementor-element elementor-element-8777301 elementor-widget elementor-widget-text-editor\" data-id=\"8777301\" data-element_type=\"widget\" data-e-type=\"widget\" data-widget_type=\"text-editor.default\">\n\t\t\t\t<div class=\"elementor-widget-container\">\n\t\t\t\t\t\t\t\t\t<p>VOLKSBANK PADERBORN<br \/>Recipient: PADER RODEO<br \/>BIC: DGPBDE3MXXX<br \/>IBAN: DE97 4726 0121 8100 3384 01<\/p>\t\t\t\t\t\t\t\t<\/div>\n\t\t\t\t<\/div>\n\t\t\t\t<div class=\"elementor-element elementor-element-ec8e724 elementor-widget elementor-widget-heading\" data-id=\"ec8e724\" data-element_type=\"widget\" data-e-type=\"widget\" data-widget_type=\"heading.default\">\n\t\t\t\t<div class=\"elementor-widget-container\">\n\t\t\t\t\t<h2 class=\"elementor-heading-title elementor-size-default\">Accommodation<\/h2>\t\t\t\t<\/div>\n\t\t\t\t<\/div>\n\t\t\t\t<div class=\"elementor-element elementor-element-c2258e0 elementor-widget elementor-widget-text-editor\" data-id=\"c2258e0\" data-element_type=\"widget\" data-e-type=\"widget\" data-widget_type=\"text-editor.default\">\n\t\t\t\t<div class=\"elementor-widget-container\">\n\t\t\t\t\t\t\t\t\t<p>Tourist Information Paderborn +49 (0) 5251 882 980<br \/><a href=\"http:\/\/www.paderborn.de\/tourismus\">www.paderborn.de<\/a><br \/>Pader Motel Paderborn + 49 (0) 5251 686 2244<br \/><a href=\"http:\/\/www.pader-motel.de\">www.pader-motel.de<\/a><br \/>DJH Paderborn +49 (0) 5251 220 55<br \/><a href=\"http:\/\/www.lvb.westfalen.jugendherberge.de\/paderborn\/\">www.lvb.westfalen.jugendherberge.de<\/a><br \/>DJH Bad Driburg +49 (0) 5253 2570<br \/><a href=\"http:\/\/www.lvb.westfalen.jugendherberge.de\/bad.driburg\/\">www.lvb.westfalen.jugendherberge.de<\/a><br \/>Waldcafe J\u00e4ger, Bad Driburg +49 (0) 5253 93 39 0<br \/><a href=\"http:\/\/www.waldcafe-jaeger.de\">www.waldcafe-jaeger.de<\/a><br \/>Im Schlosspark, Willebadessen +49 (0) 5253 9339 58<br \/><a href=\"http:\/\/www.hotel-im-schlosspark.de\/\">www.hotel-im-schlosspark.de\/<\/a><\/p>\t\t\t\t\t\t\t\t<\/div>\n\t\t\t\t<\/div>\n\t\t\t\t<\/div>\n\t\t<div class=\"elementor-element elementor-element-602705f e-con-full e-flex wpr-particle-no wpr-jarallax-no wpr-parallax-no wpr-sticky-section-no wpr-equal-height-no e-con e-child\" data-id=\"602705f\" data-element_type=\"container\" data-e-type=\"container\">\n\t\t\t\t<div class=\"elementor-element elementor-element-76c10d3 elementor-widget elementor-widget-heading\" data-id=\"76c10d3\" data-element_type=\"widget\" data-e-type=\"widget\" data-widget_type=\"heading.default\">\n\t\t\t\t<div class=\"elementor-widget-container\">\n\t\t\t\t\t<h2 class=\"elementor-heading-title elementor-size-default\">Danceplace<\/h2>\t\t\t\t<\/div>\n\t\t\t\t<\/div>\n\t\t\t\t<div class=\"elementor-element elementor-element-0526921 elementor-widget elementor-widget-text-editor\" data-id=\"0526921\" data-element_type=\"widget\" data-e-type=\"widget\" data-widget_type=\"text-editor.default\">\n\t\t\t\t<div class=\"elementor-widget-container\">\n\t\t\t\t\t\t\t\t\t<p>Eggelandhalle<br>Gardeweg 8<br>D &#8211; 33184 Altenbeken<br>\u25a0 <a href=\"https:\/\/pader-rodeo.de\/wp-content\/uploads\/2026\/02\/Flyer-PR-2026.pdf\">Flyer 2026<\/a><\/p>\t\t\t\t\t\t\t\t<\/div>\n\t\t\t\t<\/div>\n\t\t\t\t<\/div>\n\t\t\t\t\t<\/div>\n\t\t\t\t<\/div>\n\t\t<div class=\"elementor-element elementor-element-d8749c8 e-flex e-con-boxed wpr-particle-no wpr-jarallax-no wpr-parallax-no wpr-sticky-section-no wpr-equal-height-no e-con e-parent\" data-id=\"d8749c8\" data-element_type=\"container\" data-e-type=\"container\">\n\t\t\t\t\t<div class=\"e-con-inner\">\n\t\t\t\t<div class=\"elementor-element elementor-element-3022486 elementor-widget elementor-widget-google_maps\" data-id=\"3022486\" data-element_type=\"widget\" data-e-type=\"widget\" data-widget_type=\"google_maps.default\">\n\t\t\t\t<div class=\"elementor-widget-container\">\n\t\t\t\t\t\t\t<div class=\"elementor-custom-embed\">\n\t\t\t<iframe loading=\"lazy\"\n\t\t\t\t\tsrc=\"https:\/\/maps.google.com\/maps?q=Eggelandhalle%20Gardeweg%208%20D%20-%2033184%20Altenbeken&#038;t=m&#038;z=15&#038;output=embed&#038;iwloc=near\"\n\t\t\t\t\ttitle=\"Eggelandhalle Gardeweg 8 D - 33184 Altenbeken\"\n\t\t\t\t\taria-label=\"Eggelandhalle Gardeweg 8 D - 33184 Altenbeken\"\n\t\t\t><\/iframe>\n\t\t<\/div>\n\t\t\t\t\t\t<\/div>\n\t\t\t\t<\/div>\n\t\t\t\t\t<\/div>\n\t\t\t\t<\/div>\n\t\t<div class=\"elementor-element elementor-element-f479068 e-flex e-con-boxed wpr-particle-no wpr-jarallax-no wpr-parallax-no wpr-sticky-section-no wpr-equal-height-no e-con e-parent\" data-id=\"f479068\" data-element_type=\"container\" data-e-type=\"container\">\n\t\t\t\t\t<div class=\"e-con-inner\">\n\t\t\t\t<div class=\"elementor-element elementor-element-aa89f20 elementor-widget elementor-widget-text-editor\" data-id=\"aa89f20\" data-element_type=\"widget\" data-e-type=\"widget\" data-widget_type=\"text-editor.default\">\n\t\t\t\t<div class=\"elementor-widget-container\">\n\t\t\t\t\t\t\t\t\t<h3>Pader Rodeo - Myth - Fun - Cult - Friends<\/h3>\t\t\t\t\t\t\t\t<\/div>\n\t\t\t\t<\/div>\n\t\t\t\t\t<\/div>\n\t\t\t\t<\/div>\n\t\t\t\t<\/div>","protected":false},"excerpt":{"rendered":"<p>Kontakt MONIKA AMEDICKEmail: info@pader-rodeo.de SPEISEN &amp; GETR\u00c4NKE Speisen &amp; Getr\u00e4nke sind in der Halle erh\u00e4ltlich (bringe bitte keine eigenen mit in die Halle &#8211; Hallenbewirtung). 50% Erm\u00e4\u00dfigung bei Softrdrinks w\u00e4hrend des Tanzens Bankverbindung VOLKSBANK PADERBORNEmpf\u00e4nger: PADER RODEOBIC: DGPBDE3MXXXIBAN: DE97 4726 0121 8100 3384 01 \u00dcBERNACHTUNG Tourist Information Paderborn +49 (0) 5251 882 980www.paderborn.dePader Motel Paderborn + 49 (0) 5251 686 2244www.pader-motel.deDJH Paderborn +49 (0) 5251 220 55www.lvb.westfalen.jugendherberge.deDJH Bad Driburg +49 (0) 5253 2570www.lvb.westfalen.jugendherberge.deWaldcafe J\u00e4ger, Bad Driburg +49 (0) 5253 93 39 0www.waldcafe-jaeger.deIm Schlosspark, Willebadessen +49 (0) 5253 9339 58www.hotel-im-schlosspark.de\/ TANZPLATZ EggelandhalleGardeweg 8D &#8211; 33184 Altenbeken\u25a0 Flyer 2026 Pader Rodeo &#8211; Myth &#8211; Fun &#8211; Cult &#8211; Friends<\/p>","protected":false},"author":1,"featured_media":0,"parent":0,"menu_order":0,"comment_status":"closed","ping_status":"closed","template":"","meta":{"footnotes":""},"class_list":["post-126","page","type-page","status-publish","hentry"],"yoast_head":"<!-- This site is optimized with the Yoast SEO plugin v26.8 - https:\/\/yoast.com\/product\/yoast-seo-wordpress\/ -->\n<title>Infos - Pader Rodeo<\/title>\n<meta name=\"robots\" content=\"noindex, follow, max-snippet:-1, max-image-preview:large, max-video-preview:-1\" \/>\n<meta property=\"og:locale\" content=\"en_GB\" \/>\n<meta property=\"og:type\" content=\"article\" \/>\n<meta property=\"og:title\" content=\"Infos - Pader Rodeo\" \/>\n<meta property=\"og:description\" content=\"Kontakt MONIKA AMEDICKEmail: info@pader-rodeo.de SPEISEN &amp; GETR\u00c4NKE Speisen &amp; Getr\u00e4nke sind in der Halle erh\u00e4ltlich (bringe bitte keine eigenen mit in die Halle &#8211; Hallenbewirtung). 50% Erm\u00e4\u00dfigung bei Softrdrinks w\u00e4hrend des Tanzens Bankverbindung VOLKSBANK PADERBORNEmpf\u00e4nger: PADER RODEOBIC: DGPBDE3MXXXIBAN: DE97 4726 0121 8100 3384 01 \u00dcBERNACHTUNG Tourist Information Paderborn +49 (0) 5251 882 980www.paderborn.dePader Motel Paderborn + 49 (0) 5251 686 2244www.pader-motel.deDJH Paderborn +49 (0) 5251 220 55www.lvb.westfalen.jugendherberge.deDJH Bad Driburg +49 (0) 5253 2570www.lvb.westfalen.jugendherberge.deWaldcafe J\u00e4ger, Bad Driburg +49 (0) 5253 93 39 0www.waldcafe-jaeger.deIm Schlosspark, Willebadessen +49 (0) 5253 9339 58www.hotel-im-schlosspark.de\/ TANZPLATZ EggelandhalleGardeweg 8D &#8211; 33184 Altenbeken\u25a0 Flyer 2026 Pader Rodeo &#8211; Myth &#8211; Fun &#8211; Cult &#8211; Friends\" \/>\n<meta property=\"og:url\" content=\"https:\/\/pader-rodeo.de\/en\/infos\/\" \/>\n<meta property=\"og:site_name\" content=\"Pader Rodeo\" \/>\n<meta property=\"article:modified_time\" content=\"2026-02-09T20:44:44+00:00\" \/>\n<meta name=\"twitter:card\" content=\"summary_large_image\" \/>\n<meta name=\"twitter:label1\" content=\"Estimated reading time\" \/>\n\t<meta name=\"twitter:data1\" content=\"1 minute\" \/>\n<script type=\"application\/ld+json\" class=\"yoast-schema-graph\">{\"@context\":\"https:\/\/schema.org\",\"@graph\":[{\"@type\":\"WebPage\",\"@id\":\"https:\/\/pader-rodeo.de\/infos\/\",\"url\":\"https:\/\/pader-rodeo.de\/infos\/\",\"name\":\"Infos - Pader Rodeo\",\"isPartOf\":{\"@id\":\"https:\/\/pader-rodeo.de\/#website\"},\"datePublished\":\"2024-11-13T08:14:40+00:00\",\"dateModified\":\"2026-02-09T20:44:44+00:00\",\"breadcrumb\":{\"@id\":\"https:\/\/pader-rodeo.de\/infos\/#breadcrumb\"},\"inLanguage\":\"en-GB\",\"potentialAction\":[{\"@type\":\"ReadAction\",\"target\":[\"https:\/\/pader-rodeo.de\/infos\/\"]}]},{\"@type\":\"BreadcrumbList\",\"@id\":\"https:\/\/pader-rodeo.de\/infos\/#breadcrumb\",\"itemListElement\":[{\"@type\":\"ListItem\",\"position\":1,\"name\":\"Startseite\",\"item\":\"https:\/\/pader-rodeo.de\/\"},{\"@type\":\"ListItem\",\"position\":2,\"name\":\"Infos\"}]},{\"@type\":\"WebSite\",\"@id\":\"https:\/\/pader-rodeo.de\/#website\",\"url\":\"https:\/\/pader-rodeo.de\/\",\"name\":\"Pader Rodeo\",\"description\":\"Myth - Fun - Cult - Friends\",\"potentialAction\":[{\"@type\":\"SearchAction\",\"target\":{\"@type\":\"EntryPoint\",\"urlTemplate\":\"https:\/\/pader-rodeo.de\/?s={search_term_string}\"},\"query-input\":{\"@type\":\"PropertyValueSpecification\",\"valueRequired\":true,\"valueName\":\"search_term_string\"}}],\"inLanguage\":\"en-GB\"}]}<\/script>\n<!-- \/ Yoast SEO plugin. -->","yoast_head_json":{"title":"Infos - Pader Rodeo","robots":{"index":"noindex","follow":"follow","max-snippet":"max-snippet:-1","max-image-preview":"max-image-preview:large","max-video-preview":"max-video-preview:-1"},"og_locale":"en_GB","og_type":"article","og_title":"Infos - Pader Rodeo","og_description":"Kontakt MONIKA AMEDICKEmail: info@pader-rodeo.de SPEISEN &amp; GETR\u00c4NKE Speisen &amp; Getr\u00e4nke sind in der Halle erh\u00e4ltlich (bringe bitte keine eigenen mit in die Halle &#8211; Hallenbewirtung). 50% Erm\u00e4\u00dfigung bei Softrdrinks w\u00e4hrend des Tanzens Bankverbindung VOLKSBANK PADERBORNEmpf\u00e4nger: PADER RODEOBIC: DGPBDE3MXXXIBAN: DE97 4726 0121 8100 3384 01 \u00dcBERNACHTUNG Tourist Information Paderborn +49 (0) 5251 882 980www.paderborn.dePader Motel Paderborn + 49 (0) 5251 686 2244www.pader-motel.deDJH Paderborn +49 (0) 5251 220 55www.lvb.westfalen.jugendherberge.deDJH Bad Driburg +49 (0) 5253 2570www.lvb.westfalen.jugendherberge.deWaldcafe J\u00e4ger, Bad Driburg +49 (0) 5253 93 39 0www.waldcafe-jaeger.deIm Schlosspark, Willebadessen +49 (0) 5253 9339 58www.hotel-im-schlosspark.de\/ TANZPLATZ EggelandhalleGardeweg 8D &#8211; 33184 Altenbeken\u25a0 Flyer 2026 Pader Rodeo &#8211; Myth &#8211; Fun &#8211; Cult &#8211; Friends","og_url":"https:\/\/pader-rodeo.de\/en\/infos\/","og_site_name":"Pader Rodeo","article_modified_time":"2026-02-09T20:44:44+00:00","twitter_card":"summary_large_image","twitter_misc":{"Estimated reading time":"1 minute"},"schema":{"@context":"https:\/\/schema.org","@graph":[{"@type":"WebPage","@id":"https:\/\/pader-rodeo.de\/infos\/","url":"https:\/\/pader-rodeo.de\/infos\/","name":"Infos - Pader Rodeo","isPartOf":{"@id":"https:\/\/pader-rodeo.de\/#website"},"datePublished":"2024-11-13T08:14:40+00:00","dateModified":"2026-02-09T20:44:44+00:00","breadcrumb":{"@id":"https:\/\/pader-rodeo.de\/infos\/#breadcrumb"},"inLanguage":"en-GB","potentialAction":[{"@type":"ReadAction","target":["https:\/\/pader-rodeo.de\/infos\/"]}]},{"@type":"BreadcrumbList","@id":"https:\/\/pader-rodeo.de\/infos\/#breadcrumb","itemListElement":[{"@type":"ListItem","position":1,"name":"Startseite","item":"https:\/\/pader-rodeo.de\/"},{"@type":"ListItem","position":2,"name":"Infos"}]},{"@type":"WebSite","@id":"https:\/\/pader-rodeo.de\/#website","url":"https:\/\/pader-rodeo.de\/","name":"Pader Rodeo","description":"Myth - Fun - Cult - Friends","potentialAction":[{"@type":"SearchAction","target":{"@type":"EntryPoint","urlTemplate":"https:\/\/pader-rodeo.de\/?s={search_term_string}"},"query-input":{"@type":"PropertyValueSpecification","valueRequired":true,"valueName":"search_term_string"}}],"inLanguage":"en-GB"}]}},"_links":{"self":[{"href":"https:\/\/pader-rodeo.de\/en\/wp-json\/wp\/v2\/pages\/126","targetHints":{"allow":["GET"]}}],"collection":[{"href":"https:\/\/pader-rodeo.de\/en\/wp-json\/wp\/v2\/pages"}],"about":[{"href":"https:\/\/pader-rodeo.de\/en\/wp-json\/wp\/v2\/types\/page"}],"author":[{"embeddable":true,"href":"https:\/\/pader-rodeo.de\/en\/wp-json\/wp\/v2\/users\/1"}],"replies":[{"embeddable":true,"href":"https:\/\/pader-rodeo.de\/en\/wp-json\/wp\/v2\/comments?post=126"}],"version-history":[{"count":46,"href":"https:\/\/pader-rodeo.de\/en\/wp-json\/wp\/v2\/pages\/126\/revisions"}],"predecessor-version":[{"id":722,"href":"https:\/\/pader-rodeo.de\/en\/wp-json\/wp\/v2\/pages\/126\/revisions\/722"}],"wp:attachment":[{"href":"https:\/\/pader-rodeo.de\/en\/wp-json\/wp\/v2\/media?parent=126"}],"curies":[{"name":"wp","href":"https:\/\/api.w.org\/{rel}","templated":true}]}}